{"id":6,"date":"2019-10-14T16:30:12","date_gmt":"2019-10-14T16:30:12","guid":{"rendered":"http:\/\/www.brfullnaberg.se\/?page_id=6"},"modified":"2020-09-29T10:22:50","modified_gmt":"2020-09-29T10:22:50","slug":"home","status":"publish","type":"page","link":"https:\/\/www.brfullnaberg.se\/","title":{"rendered":"Hem"},"content":{"rendered":"\n<p><strong>V\u00e4lkommen till BRF Ullnaberg<\/strong><\/p>\n\n\n\n<p>Styrelsen h\u00e4lsar dig varmt v\u00e4lkommen till Brf Ullnaberg och hoppas att du kommer att trivas med ditt nya boende. Vi \u00e4r totalt 26 hush\u00e5ll som tillsammans bildar en aktiv f\u00f6rening som ger m\u00f6jlighet till olika former av engagemang. \u00c4r du intresserad, eller vill veta mer, tveka inte att ta kontakt med n\u00e5gon av oss i styrelsen.<br>F\u00f6reningens huvudm\u00e5l \u00e4r att p\u00e5 obegr\u00e4nsad tid uppl\u00e5ta bost\u00e4der med bostadsr\u00e4tt i f\u00f6reningens fastigheter \u00e5t medlemmarna. Som \u00e4gare till bostadsr\u00e4tten \u00e4r du ocks\u00e5 medlem i f\u00f6reningen. Genom \u00f6verl\u00e5telsen av bostadsr\u00e4tten till dig har du \u00f6vertagit s\u00e4ljarens r\u00e4ttigheter och skyldigheter gentemot bostadsr\u00e4ttsf\u00f6reningen.\u00a0<\/p>\n\n\n\n<p>I f\u00f6reningens stadgar (\u00a71- 38) beskrivs reglerna f\u00f6r f\u00f6reningens verksamhet. Du hittar exempelvis att man sj\u00e4lv, och p\u00e5 egen bekostnad, svarar f\u00f6r sk\u00f6tsel av l\u00e4genheten och tomt, dels det inre underh\u00e5llet och de reparationer som beh\u00f6vs i l\u00e4genheten. Medlemmen avg\u00f6r sj\u00e4lv n\u00e4r det \u00e4r dags att m\u00e5la om\/tapetsera, byta spis eller ska g\u00f6ra andra mindre f\u00f6r\u00e4ndringar i l\u00e4genheten. Vill medlemmen g\u00f6ra st\u00f6rre f\u00f6r\u00e4ndringar i l\u00e4genheten &#8211; till exempel flytta innerv\u00e4ggar, bygga nya skiljev\u00e4ggar eller f\u00f6r\u00e4ndra plattl\u00e4ggning &#8211; m\u00e5ste man ha styrelsens tillst\u00e5nd. Ta del av f\u00f6reningens stadgar s\u00e5 du vet vad som regleras d\u00e4r.<\/p>\n\n\n\n<div class=\"wp-block-file\"><a href=\"http:\/\/media.brfullnaberg.se\/2020\/07\/Brf-Ullnaberg-Stadgar-2015.pdf\">Brf-Ullnaberg-Stadgar-2015<\/a><a href=\"http:\/\/media.brfullnaberg.se\/2020\/07\/Brf-Ullnaberg-Stadgar-2015.pdf\" class=\"wp-block-file__button\" download>H\u00e4mta<\/a><\/div>\n\n\n\n<p>F\u00f6reningen svarar f\u00f6r det mesta av det yttre byggnadsunderh\u00e5ll samt husets installationer av vatten, v\u00e4rme, el och ventilation. Till det yttre r\u00e4knas bland annat stamledningar f\u00f6r avlopp, v\u00e4rme, gas, el och vatten, tak, fasad, vindskydd och ventilationskanaler. F\u00f6reningen ansvarar \u00e4ven f\u00f6r allm\u00e4nna utrymmen, mark och den gemensamma tr\u00e4dg\u00e5rden.<\/p>\n\n\n\n<p>Vissa huskroppar har ett eget teknikrum d\u00e4r elsk\u00e5p (huvuds\u00e4kringar) och v\u00e4rmepannor finns. Vid problem som eventuellt inte kan \u00e5tg\u00e4rdas genom s\u00e4kringsbyte, kontakta n\u00e5gon i styrelsen.<br>I f\u00f6reningen brevl\u00e5da kan du l\u00e4gga \u00e4renden som du vill att styrelsen behandlar, v\u00e4nligen l\u00e4mna \u00e4rendet i god tid f\u00f6r viss handl\u00e4ggningstid.<\/p>\n\n\n\n<p>L\u00f6vs\u00e4ttra har en egen grupp p\u00e5 FB :<\/p>\n\n\n\n<p><a rel=\"noreferrer noopener\" href=\"https:\/\/www.facebook.com\/groups\/632786813518904\/\" target=\"_blank\">https:\/\/www.facebook.com\/groups\/632786813518904\/<\/a><\/p>\n\n\n\n<p>Vid fr\u00e5gor och f\u00f6rslag som g\u00e4ller hemsidan, kontakta g\u00e4rna <a href=\"http:\/\/www.brfullnaberg.se\/?page_id=25\" data-type=\"page\" data-id=\"25\">Andreas<\/a>.<\/p>\n","protected":false},"excerpt":{"rendered":"<p>V\u00e4lkommen till BRF Ullnaberg Styrelsen h\u00e4lsar dig varmt v\u00e4lkommen till Brf Ullnaberg och hoppas att du kommer att trivas med ditt nya boende. Vi \u00e4r totalt 26 hush\u00e5ll som tillsammans bildar en aktiv f\u00f6rening som ger m\u00f6jlighet till olika former&#8230; <a href=\"https:\/\/www.brfullnaberg.se\/\" class=\"readmore\">L\u00e4s mer<span class=\"screen-reader-text\">Hem<\/span><span class=\"fa fa-angle-double-right\" aria-hidden=\"true\"><\/span><\/a><\/p>\n","protected":false},"author":1,"featured_media":0,"parent":0,"menu_order":0,"comment_status":"closed","ping_status":"closed","template":"template\/full-width.php","meta":{"footnotes":""},"class_list":["post-6","page","type-page","status-publish","hentry"],"_links":{"self":[{"href":"https:\/\/www.brfullnaberg.se\/index.php?rest_route=\/wp\/v2\/pages\/6","targetHints":{"allow":["GET"]}}],"collection":[{"href":"https:\/\/www.brfullnaberg.se\/index.php?rest_route=\/wp\/v2\/pages"}],"about":[{"href":"https:\/\/www.brfullnaberg.se\/index.php?rest_route=\/wp\/v2\/types\/page"}],"author":[{"embeddable":true,"href":"https:\/\/www.brfullnaberg.se\/index.php?rest_route=\/wp\/v2\/users\/1"}],"replies":[{"embeddable":true,"href":"https:\/\/www.brfullnaberg.se\/index.php?rest_route=%2Fwp%2Fv2%2Fcomments&post=6"}],"version-history":[{"count":15,"href":"https:\/\/www.brfullnaberg.se\/index.php?rest_route=\/wp\/v2\/pages\/6\/revisions"}],"predecessor-version":[{"id":184,"href":"https:\/\/www.brfullnaberg.se\/index.php?rest_route=\/wp\/v2\/pages\/6\/revisions\/184"}],"wp:attachment":[{"href":"https:\/\/www.brfullnaberg.se\/index.php?rest_route=%2Fwp%2Fv2%2Fmedia&parent=6"}],"curies":[{"name":"wp","href":"https:\/\/api.w.org\/{rel}","templated":true}]}}