{"id":28,"date":"2019-10-14T20:00:38","date_gmt":"2019-10-14T20:00:38","guid":{"rendered":"http:\/\/www.brfullnaberg.se\/?page_id=28"},"modified":"2025-10-13T21:16:48","modified_gmt":"2025-10-13T21:16:48","slug":"maklarinformation","status":"publish","type":"page","link":"https:\/\/www.brfullnaberg.se\/?page_id=28","title":{"rendered":"M\u00e4klarinformation"},"content":{"rendered":"\n<p>Namnet p\u00e5 denna bostadsr\u00e4ttsf\u00f6rening \u00e4r BRF Ullnaberg.<\/p>\n\n\n\n<p>&#8211; Org.nr. 769611-7162<\/p>\n\n\n\n<p>&#8211; Omr\u00e5det best\u00e5r av 25 brf-l\u00e4genheter och 1 hyresr\u00e4tt i sju olika huskroppar, ursprungligt byggnads\u00e5r: 1967<\/p>\n\n\n\n<p>&#8211; V\u00e4rme ing\u00e5r i avgiften men inte hush\u00e5lls-el. F\u00f6reningen har ett gemensamt el-abonnemang som f\u00f6reningen betalar. En el-avl\u00e4sning sker varje m\u00e5nad och var medlem betalar f\u00f6r sin f\u00f6rbrukning.<\/p>\n\n\n\n<p>&#8211; Vi har kommunalt avlopp som Roslagsvatten ansvarar f\u00f6r och Ullna &#8211; L\u00f6vs\u00e4ttra Samf\u00e4llighetsf\u00f6rening ansvarar och driver renvatten anl\u00e4ggningen best\u00e5ende av brunn (vattent\u00e4kt).<\/p>\n\n\n\n<p>&#8211; Det h\u00f6r ingen &#8220;tomtmark&#8221; till l\u00e4genheterna, de flesta har dock en bit tomt via ett nyttjander\u00e4ttsavtal, detta avtal \u00e4r personligt och skall skrivas om med ny \u00e4gare n\u00e4r en l\u00e4genhet s\u00e4ljs. Styrelsen \u00e4ger full r\u00e4tt att \u00e4ndra tomtens utseende och storlek i samband med att nytt avtal skrivs med ny \u00e4gare!<\/p>\n\n\n\n<p>&#8211; Det finns en tv\u00e4ttstuga och en del av l\u00e4genheterna har tillg\u00e5ng till ett separat f\u00f6rr\u00e5d men inte alla, kontakta styrelsen f\u00f6r besked.<\/p>\n\n\n\n<p>&#8211; F\u00f6r ytterligare information kan ni kontakta v\u00e5r ekonomiska f\u00f6rvaltare, <a rel=\"noreferrer noopener\" href=\"http:\/\/www.norrortsboservice.se\/\" target=\"_blank\">Norrorts boservice<\/a>, eller n\u00e5gon i styrelsen via kontaktsidan h\u00e4r p\u00e5 siten.<\/p>\n\n\n\n<p><strong>Alla dokument skall dock s\u00e4ndas till f\u00f6reningen p\u00e5 adressen, L\u00f6vs\u00e4ttrav\u00e4gen 47, 186 91&nbsp; Vallentuna.<\/strong><\/p>\n\n\n\n<p>&#8211; Internet &amp; tv-kanaler finns att best\u00e4lla via indragen fiber, medlemmar v\u00e4ljer sj\u00e4lva sin operat\u00f6r.<\/p>\n\n\n\n<p>&#8211; F\u00f6reningen st\u00e5r f\u00f6r bostadsr\u00e4ttstill\u00e4gget, men man ska ha en egen hemf\u00f6rs\u00e4kring och vi rekommenderar att man \u00e4ven har ett sk. bostadsr\u00e4ttstill\u00e4gg, d\u00e5 sj\u00e4lvrisken f\u00f6r f\u00f6reningen \u00e4r gigantisk j\u00e4mf\u00f6rt med den man har sj\u00e4lv.<\/p>\n\n\n\n<div class=\"wp-block-file\"><a id=\"wp-block-file--media-0bea90fe-a2f4-4b10-b765-e3fecb943e44\" href=\"http:\/\/media.brfullnaberg.se\/2020\/07\/Brf-Ullnaberg-Stadgar-2015-1.pdf\" target=\"_blank\" rel=\"noreferrer noopener\">Brf-Ullnaberg-Stadgar-2015-1<\/a><\/div>\n\n\n\n<p><strong>\u00c5RSREDOVISNINGAR<\/strong><\/p>\n\n\n\n<p><a href=\"https:\/\/media.brfullnaberg.se\/2025\/10\/Brf-Ullnaberg-Arsredovisning-2024.pdf\" data-type=\"attachment\" data-id=\"279\" target=\"_blank\" rel=\"noreferrer noopener\">Brf-Ullnaberg-\u00c5rsredovisning-2024<\/a><\/p>\n\n\n\n<p><a href=\"https:\/\/media.brfullnaberg.se\/2025\/10\/Brf-Ullnaberg-Arsredovisning-2023.pdf\" data-type=\"attachment\" data-id=\"278\" target=\"_blank\" rel=\"noreferrer noopener\">Brf-Ullnaberg-\u00c5rsredovisning-2023<\/a><\/p>\n\n\n\n<div class=\"wp-block-file\"><a id=\"wp-block-file--media-2e259247-f552-4a15-aa27-e6868897392a\" href=\"https:\/\/media.brfullnaberg.se\/2023\/09\/Brf-Ullnaberg-Arsredovisning-2022.pdf\" target=\"_blank\" rel=\"noreferrer noopener\">Brf-Ullnaberg-Arsredovisning-2022<\/a><\/div>\n\n\n\n<div class=\"wp-block-file\"><a id=\"wp-block-file--media-2e259247-f552-4a15-aa27-e6868897392a\" href=\"http:\/\/media.brfullnaberg.se\/2022\/04\/Brf-Ullnaberg-Arsredovisning-2021.pdf\" target=\"_blank\" rel=\"noreferrer noopener\">Brf-Ullnaberg-Arsredovisning-2021<\/a><\/div>\n\n\n\n<div class=\"wp-block-file\"><a id=\"wp-block-file--media-4b16dbcc-983e-49ab-8fa4-e25f53488894\" href=\"http:\/\/media.brfullnaberg.se\/2022\/04\/Brf-Ullnaberg-Arsredovisning-2020.pdf\" target=\"_blank\" rel=\"noreferrer noopener\">Brf-Ullnaberg-Arsredovisning-2020<\/a><\/div>\n\n\n\n<div class=\"wp-block-file\"><a id=\"wp-block-file--media-42135c7b-a101-49a9-b271-77e894d2b8fd\" href=\"http:\/\/media.brfullnaberg.se\/2020\/08\/Brf-Ullnaberg-Arsredovisning-2019.pdf\" target=\"_blank\" rel=\"noreferrer noopener\">Brf-Ullnaberg-Arsredovisning-2019<\/a><\/div>\n\n\n\n<div class=\"wp-block-file\"><a id=\"wp-block-file--media-20010b86-ee6d-48b5-893b-ccfa6ef2040a\" href=\"http:\/\/media.brfullnaberg.se\/2020\/07\/Brf-Ullnaberg-\u00c5rsredovisning-2018.pdf\" target=\"_blank\" rel=\"noreferrer noopener\">Brf-Ullnaberg-\u00c5rsredovisning-2018<\/a><\/div>\n\n\n\n<div class=\"wp-block-file\"><a id=\"wp-block-file--media-b8958f35-a7da-4d72-a174-4f696ac007c4\" href=\"http:\/\/media.brfullnaberg.se\/2020\/07\/Brf-Ullnaberg-A\u030arsredovisning-2017.pdf\" target=\"_blank\" rel=\"noreferrer noopener\">Brf-Ullnaberg-A\u030arsredovisning-2017<\/a><\/div>\n\n\n\n<div class=\"wp-block-file\"><a id=\"wp-block-file--media-ae2aae1d-3881-4d0b-82b5-562873b8e9c3\" href=\"http:\/\/media.brfullnaberg.se\/2020\/08\/Brf-Ullnaberg-A\u030arsredovisning-2016.pdf\" target=\"_blank\" rel=\"noreferrer noopener\">Brf-Ullnaberg-A\u030arsredovisning-2016<\/a><\/div>\n\n\n\n<div class=\"wp-block-file\"><a id=\"wp-block-file--media-4c569ada-057b-42f6-b5d8-8cbbd1a6bda2\" href=\"http:\/\/media.brfullnaberg.se\/2020\/07\/Brf-Ullnaberg-\u00c5rsredovisning-2015.pdf\" target=\"_blank\" rel=\"noreferrer noopener\">Brf-Ullnaberg-\u00c5rsredovisning-2015<\/a><\/div>\n\n\n\n<div class=\"wp-block-file\"><a id=\"wp-block-file--media-2a409ba0-c8de-4aa6-803b-a604de7d707b\" href=\"http:\/\/media.brfullnaberg.se\/2020\/07\/Brf-Ullnaberg-\u00c5rsredovisning-2014.pdf\" target=\"_blank\" rel=\"noreferrer noopener\">Brf-Ullnaberg-\u00c5rsredovisning-2014<\/a><\/div>\n\n\n\n<div class=\"wp-block-file\"><a id=\"wp-block-file--media-98ab7b67-cf85-42a6-9a77-d7c33b02f6ff\" href=\"http:\/\/media.brfullnaberg.se\/2020\/07\/Brf-Ullnaberg-\u00c5rsredovisning-2013.pdf\" target=\"_blank\" rel=\"noreferrer noopener\">Brf-Ullnaberg-\u00c5rsredovisning-2013<\/a><\/div>\n\n\n\n<div class=\"wp-block-file\"><a id=\"wp-block-file--media-83047646-1c8e-4222-be56-5fdf29075de7\" href=\"http:\/\/media.brfullnaberg.se\/2020\/07\/Brf-Ullnaberg-\u00c5rsredovisning-2012.pdf\" target=\"_blank\" rel=\"noreferrer noopener\">Brf-Ullnaberg-\u00c5rsredovisning-2012<\/a><\/div>\n\n\n\n<p><\/p>\n","protected":false},"excerpt":{"rendered":"<p>Namnet p\u00e5 denna bostadsr\u00e4ttsf\u00f6rening \u00e4r BRF Ullnaberg. &#8211; Org.nr. 769611-7162 &#8211; Omr\u00e5det best\u00e5r av 25 brf-l\u00e4genheter och 1 hyresr\u00e4tt i sju olika huskroppar, ursprungligt byggnads\u00e5r: 1967 &#8211; V\u00e4rme ing\u00e5r i avgiften men inte hush\u00e5lls-el. F\u00f6reningen har ett gemensamt el-abonnemang som&#8230; <a href=\"https:\/\/www.brfullnaberg.se\/?page_id=28\" class=\"readmore\">L\u00e4s mer<span class=\"screen-reader-text\">M\u00e4klarinformation<\/span><span class=\"fa fa-angle-double-right\" aria-hidden=\"true\"><\/span><\/a><\/p>\n","protected":false},"author":1,"featured_media":0,"parent":0,"menu_order":0,"comment_status":"closed","ping_status":"closed","template":"template\/full-width.php","meta":{"footnotes":""},"class_list":["post-28","page","type-page","status-publish","hentry"],"_links":{"self":[{"href":"https:\/\/www.brfullnaberg.se\/index.php?rest_route=\/wp\/v2\/pages\/28","targetHints":{"allow":["GET"]}}],"collection":[{"href":"https:\/\/www.brfullnaberg.se\/index.php?rest_route=\/wp\/v2\/pages"}],"about":[{"href":"https:\/\/www.brfullnaberg.se\/index.php?rest_route=\/wp\/v2\/types\/page"}],"author":[{"embeddable":true,"href":"https:\/\/www.brfullnaberg.se\/index.php?rest_route=\/wp\/v2\/users\/1"}],"replies":[{"embeddable":true,"href":"https:\/\/www.brfullnaberg.se\/index.php?rest_route=%2Fwp%2Fv2%2Fcomments&post=28"}],"version-history":[{"count":25,"href":"https:\/\/www.brfullnaberg.se\/index.php?rest_route=\/wp\/v2\/pages\/28\/revisions"}],"predecessor-version":[{"id":281,"href":"https:\/\/www.brfullnaberg.se\/index.php?rest_route=\/wp\/v2\/pages\/28\/revisions\/281"}],"wp:attachment":[{"href":"https:\/\/www.brfullnaberg.se\/index.php?rest_route=%2Fwp%2Fv2%2Fmedia&parent=28"}],"curies":[{"name":"wp","href":"https:\/\/api.w.org\/{rel}","templated":true}]}}