{"id":25,"date":"2019-10-14T19:59:17","date_gmt":"2019-10-14T19:59:17","guid":{"rendered":"http:\/\/www.brfullnaberg.se\/?page_id=25"},"modified":"2026-02-16T09:27:05","modified_gmt":"2026-02-16T09:27:05","slug":"styrelsen","status":"publish","type":"page","link":"https:\/\/www.brfullnaberg.se\/?page_id=25","title":{"rendered":"Styrelsen"},"content":{"rendered":"\t\t<div data-elementor-type=\"wp-page\" data-elementor-id=\"25\" class=\"elementor elementor-25\">\n\t\t\t\t\t\t<section class=\"elementor-section elementor-top-section elementor-element elementor-element-2f8b95c5 elementor-section-boxed elementor-section-height-default elementor-section-height-default\" data-id=\"2f8b95c5\" data-element_type=\"section\" data-e-type=\"section\">\n\t\t\t\t\t\t<div class=\"elementor-container elementor-column-gap-default\">\n\t\t\t\t\t<div class=\"elementor-column elementor-col-100 elementor-top-column elementor-element elementor-element-7529146e\" data-id=\"7529146e\" data-element_type=\"column\" data-e-type=\"column\">\n\t\t\t<div class=\"elementor-widget-wrap elementor-element-populated\">\n\t\t\t\t\t\t<div class=\"elementor-element elementor-element-3469b161 elementor-widget elementor-widget-text-editor\" data-id=\"3469b161\" data-element_type=\"widget\" data-e-type=\"widget\" data-widget_type=\"text-editor.default\">\n\t\t\t\t<div class=\"elementor-widget-container\">\n\t\t\t\t\t\t\t\t\t<p><strong>\u00c5rsst\u00e4mmans val av styrelse &amp; valberedning 2024<br>Vi ber alla att visa f\u00f6rst\u00e5else och respektera att vi har en vardag med arbeten och sysslar med BRF aktiviteter p\u00e5 \u00f6vrig tid.&nbsp;<\/strong><\/p>\n<p><!-- \/wp:paragraph --><!-- wp:media-text {\"mediaId\":144,\"mediaLink\":\"http:\/\/www.brfullnaberg.se\/?attachment_id=144\",\"mediaType\":\"image\",\"verticalAlignment\":\"top\",\"imageFill\":false,\"backgroundColor\":\"pale-cyan-blue\",\"textColor\":\"black\"} --><\/p>\n<div class=\"wp-block-media-text alignwide is-stacked-on-mobile is-vertically-aligned-top has-black-color has-pale-cyan-blue-background-color has-text-color has-background\">\n<figure class=\"wp-block-media-text__media\"><\/figure>\n<div class=\"wp-block-media-text__content\">\n<p><!-- wp:paragraph {\"placeholder\":\"Content\u2026\",\"fontSize\":\"medium\"} --><\/p>\n<h3 class=\"has-medium-font-size\"><strong>Fredrik Gidlund<\/strong><\/h3>\n<p><!-- \/wp:paragraph --><!-- wp:paragraph {\"textColor\":\"black\"} --><\/p>\n<p class=\"has-black-color has-text-color\"><strong>Ledamot, Ordf\u00f6rande<br><a class=\"o365button ms-font-m\" role=\"link\"><span class=\"_rpc_41 ms-font-s allowTextSelection ms-font-color-themePrimary _rpc_p1\">kjf.gidlund@gmail.com<br><\/span><\/a><\/strong>0721 76 30 45<\/p>\n<p><a><!-- \/wp:paragraph --> <\/a><\/p>\n<\/div>\n<\/div>\n<p><!-- \/wp:media-text --><!-- wp:paragraph --><\/p>\n<p><!-- \/wp:paragraph --><!-- wp:media-text {\"mediaId\":145,\"mediaLink\":\"http:\/\/www.brfullnaberg.se\/?attachment_id=145\",\"mediaType\":\"image\",\"imageFill\":false,\"backgroundColor\":\"pale-cyan-blue\",\"textColor\":\"black\"} --><\/p>\n<div class=\"wp-block-media-text alignwide is-stacked-on-mobile has-black-color has-pale-cyan-blue-background-color has-text-color has-background\">\n<figure class=\"wp-block-media-text__media\"><\/figure>\n<div class=\"wp-block-media-text__content\">\n<p><!-- wp:paragraph {\"placeholder\":\"Content\u2026\",\"fontSize\":\"medium\"} --><\/p>\n<h3 class=\"has-medium-font-size\"><strong>Emelie Larsson Andersson<\/strong><\/h3>\n<p><!-- \/wp:paragraph --><!-- wp:paragraph {\"textColor\":\"black\"} --><\/p>\n<p class=\"has-black-color has-text-color\"><strong>Ledamot, Sekreterare<\/strong><br>Felanm\u00e4lan<br><a href=\"mailto:eandersson83@gmail.com\">eandersson83@gmail.com<\/a><br>0769 48 07 27<\/p>\n<p><!-- \/wp:paragraph --><\/p>\n<\/div>\n<\/div>\n<p><!-- \/wp:media-text --><!-- wp:paragraph --><\/p>\n<p><!-- \/wp:paragraph --><!-- wp:media-text {\"mediaId\":144,\"mediaLink\":\"http:\/\/www.brfullnaberg.se\/?attachment_id=144\",\"mediaType\":\"image\",\"imageFill\":false,\"backgroundColor\":\"pale-cyan-blue\",\"textColor\":\"black\"} --><\/p>\n<div class=\"wp-block-media-text alignwide is-stacked-on-mobile has-black-color has-pale-cyan-blue-background-color has-text-color has-background\">\n<figure class=\"wp-block-media-text__media\"><\/figure>\n<div class=\"wp-block-media-text__content\">\n<p><!-- wp:paragraph {\"placeholder\":\"Content\u2026\",\"fontSize\":\"medium\"} --><\/p>\n<p><!-- \/wp:paragraph --><!-- wp:paragraph {\"textColor\":\"black\"} --><\/p>\n<h4 class=\"has-black-color has-text-color\"><strong style=\"font-size: 20px;\">Andreas Morberg<\/strong><\/h4>\n<p class=\"has-black-color has-text-color\"><strong>Ledamot, Kass\u00f6r<\/strong><br>Ekonomi, <span style=\"background-color: var(--wp--preset--color--pale-cyan-blue); font-family: var( --e-global-typography-text-font-family ), Sans-serif; font-weight: var( --e-global-typography-text-font-weight ); color: var(--wp--preset--color--black);\">IT-fr\u00e5gor &amp; Hemsida<br><\/span><a style=\"font-family: var( --e-global-typography-text-font-family ), Sans-serif; font-weight: var( --e-global-typography-text-font-weight ); background-color: #8ed1fc;\" href=\"mailto:andreas@calan.se\">andreas@calan.se<\/a><br><span style=\"font-family: var( --e-global-typography-text-font-family ); font-weight: var( --e-global-typography-text-font-weight ); color: var(--wp--preset--color--black); background-color: var(--wp--preset--color--pale-cyan-blue);\">0730 40 82 55<\/span><\/p>\n<\/div>\n<\/div>\n<div class=\"wp-block-media-text alignwide is-stacked-on-mobile has-black-color has-pale-cyan-blue-background-color has-text-color has-background\">\n<div class=\"wp-block-media-text__content\">\n<p><!-- \/wp:paragraph --><\/p>\n<\/div>\n<\/div>\n<p><!-- \/wp:media-text --><!-- wp:paragraph --><\/p>\n<p><!-- \/wp:paragraph --><!-- wp:media-text {\"mediaId\":144,\"mediaLink\":\"http:\/\/www.brfullnaberg.se\/?attachment_id=144\",\"mediaType\":\"image\",\"imageFill\":false,\"backgroundColor\":\"pale-cyan-blue\",\"textColor\":\"black\"} --><\/p>\n<div class=\"wp-block-media-text alignwide is-stacked-on-mobile has-black-color has-pale-cyan-blue-background-color has-text-color has-background\">\n<figure class=\"wp-block-media-text__media\"><\/figure>\n<div class=\"wp-block-media-text__content\">\n<p><!-- wp:paragraph {\"placeholder\":\"Content\u2026\",\"fontSize\":\"medium\"} --><\/p>\n<h4 class=\"has-medium-font-size\"><strong>Fredrik Forsberg<\/strong><\/h4>\n<p><!-- \/wp:paragraph --><!-- wp:paragraph {\"textColor\":\"black\"} --><\/p>\n<p><strong>Ledamot<\/strong><\/p>\n<\/div>\n<\/div>\n<p><!-- \/wp:media-text --><!-- wp:media-text {\"mediaId\":144,\"mediaLink\":\"http:\/\/www.brfullnaberg.se\/?attachment_id=144\",\"mediaType\":\"image\",\"imageFill\":false,\"backgroundColor\":\"pale-cyan-blue\",\"textColor\":\"black\"} --><\/p>\n<div class=\"wp-block-media-text alignwide is-stacked-on-mobile has-black-color has-pale-cyan-blue-background-color has-text-color has-background\">\n<figure class=\"wp-block-media-text__media\"><\/figure>\n<div class=\"wp-block-media-text__content\">\n<p><!-- wp:paragraph {\"placeholder\":\"Content\u2026\",\"fontSize\":\"medium\"} --><\/p>\n<h4 class=\"has-medium-font-size\"><strong>Anna Szymczak<\/strong><\/h4>\n<p><!-- \/wp:media-text --><!-- wp:paragraph {\"textColor\":\"black\"} --><\/p>\n<p><strong>Ledamot<\/strong><\/p><\/div><\/div>\n<p><!-- \/wp:media-text --><!-- wp:paragraph --><\/p>\n<p><!-- \/wp:paragraph --><!-- wp:media-text {\"mediaId\":145,\"mediaLink\":\"http:\/\/www.brfullnaberg.se\/?attachment_id=145\",\"mediaType\":\"image\",\"imageFill\":false,\"backgroundColor\":\"pale-cyan-blue\",\"textColor\":\"black\"} --><\/p>\n<div class=\"wp-block-media-text alignwide is-stacked-on-mobile has-black-color has-pale-cyan-blue-background-color has-text-color has-background\">\n<figure class=\"wp-block-media-text__media\"><\/figure>\n<div class=\"wp-block-media-text__content\">\n<p><!-- wp:paragraph {\"placeholder\":\"Content\u2026\",\"fontSize\":\"medium\"} --><\/p>\n<h4 class=\"has-medium-font-size\"><strong>Per Gottfredsson<\/strong><\/h4>\n<p><!-- \/wp:paragraph --><!-- wp:paragraph {\"textColor\":\"black\"} --><\/p>\n<p class=\"has-black-color has-text-color\"><strong>Suppleant<\/strong><\/p>\n<p><!-- \/wp:paragraph --><\/p>\n<\/div>\n<\/div>\n<p><!-- \/wp:media-text --><!-- wp:paragraph --><\/p>\n<p><!-- \/wp:paragraph --><!-- wp:media-text {\"mediaId\":144,\"mediaLink\":\"http:\/\/www.brfullnaberg.se\/?attachment_id=144\",\"mediaType\":\"image\",\"imageFill\":false,\"backgroundColor\":\"pale-cyan-blue\",\"textColor\":\"black\"} --><\/p>\n<div class=\"wp-block-media-text alignwide is-stacked-on-mobile has-black-color has-pale-cyan-blue-background-color has-text-color has-background\">\n<figure class=\"wp-block-media-text__media\"><\/figure>\n<div class=\"wp-block-media-text__content\">\n<p><!-- wp:paragraph {\"placeholder\":\"Content\u2026\",\"fontSize\":\"medium\"} --><\/p>\n<h4 class=\"has-medium-font-size\"><strong>Marcus Hammarstr\u00f6m<\/strong><\/h4>\n<p><!-- \/wp:paragraph --><!-- wp:paragraph {\"textColor\":\"black\"} --><\/p>\n<p class=\"has-black-color has-text-color\"><strong>Suppleant<\/strong><\/p>\n<p><!-- \/wp:paragraph --><\/p>\n<\/div>\n<\/div>\n<p><!-- \/wp:media-text --><!-- wp:paragraph --><\/p>\n<p><!-- \/wp:paragraph --><\/p>\n<p><!-- wp:paragraph --><\/p>\n<p><!-- \/wp:paragraph --><!-- wp:media-text {\"mediaId\":144,\"mediaLink\":\"http:\/\/www.brfullnaberg.se\/?attachment_id=144\",\"mediaType\":\"image\",\"imageFill\":false,\"backgroundColor\":\"pale-cyan-blue\",\"textColor\":\"black\"} --><\/p>\n<div class=\"wp-block-media-text alignwide is-stacked-on-mobile has-black-color has-pale-cyan-blue-background-color has-text-color has-background\">\n<figure class=\"wp-block-media-text__media\"><\/figure>\n<div class=\"wp-block-media-text__content\">\n<p><!-- wp:paragraph {\"placeholder\":\"Content\u2026\",\"fontSize\":\"medium\"} --><\/p>\n<h4 class=\"has-medium-font-size\"><strong>Elizabeth Lombard<\/strong><\/h4>\n<p><!-- \/wp:paragraph --><!-- wp:paragraph {\"textColor\":\"black\"} --><\/p>\n<p class=\"has-black-color has-text-color\"><strong>Valberedning<\/strong><\/p>\n<p><!-- \/wp:paragraph --><\/p>\n<\/div>\n<\/div>\n<p><!-- \/wp:media-text --><!-- wp:paragraph --><\/p>\n<p><!-- \/wp:paragraph --><\/p>\n<p><!-- wp:paragraph --><\/p>\n<p><!-- \/wp:paragraph --><!-- wp:media-text {\"mediaId\":144,\"mediaLink\":\"http:\/\/www.brfullnaberg.se\/?attachment_id=144\",\"mediaType\":\"image\",\"imageFill\":false,\"backgroundColor\":\"pale-cyan-blue\",\"textColor\":\"black\"} --><\/p>\n<div class=\"wp-block-media-text alignwide is-stacked-on-mobile has-black-color has-pale-cyan-blue-background-color has-text-color has-background\">\n<figure class=\"wp-block-media-text__media\"><\/figure>\n<div class=\"wp-block-media-text__content\">\n<p><!-- wp:paragraph {\"placeholder\":\"Content\u2026\",\"fontSize\":\"medium\"} --><\/p>\n<h4 class=\"has-medium-font-size\"><strong>Emine Tuncer<\/strong><\/h4>\n<p><!-- \/wp:paragraph --><!-- wp:paragraph {\"textColor\":\"black\"} --><\/p>\n<p class=\"has-black-color has-text-color\"><strong>Valberedning<\/strong><\/p>\n<p><!-- \/wp:paragraph --><\/p>\n<\/div>\n<\/div>\n<p><!-- \/wp:media-text --><!-- wp:paragraph --><\/p>\n<p><!-- \/wp:paragraph --><\/p>\t\t\t\t\t\t\t\t<\/div>\n\t\t\t\t<\/div>\n\t\t\t\t\t<\/div>\n\t\t<\/div>\n\t\t\t\t\t<\/div>\n\t\t<\/section>\n\t\t\t\t<\/div>\n\t\t","protected":false},"excerpt":{"rendered":"<p>\u00c5rsst\u00e4mmans val av styrelse &amp; valberedning 2024Vi ber alla att visa f\u00f6rst\u00e5else och respektera att vi har en vardag med arbeten och sysslar med BRF aktiviteter p\u00e5 \u00f6vrig tid.&nbsp; Fredrik Gidlund Ledamot, Ordf\u00f6randekjf.gidlund@gmail.com0721 76 30 45 Emelie Larsson Andersson Ledamot,&#8230; <a href=\"https:\/\/www.brfullnaberg.se\/?page_id=25\" class=\"readmore\">L\u00e4s mer<span class=\"screen-reader-text\">Styrelsen<\/span><span class=\"fa fa-angle-double-right\" aria-hidden=\"true\"><\/span><\/a><\/p>\n","protected":false},"author":1,"featured_media":0,"parent":0,"menu_order":0,"comment_status":"closed","ping_status":"closed","template":"elementor_theme","meta":{"footnotes":""},"class_list":["post-25","page","type-page","status-publish","hentry"],"_links":{"self":[{"href":"https:\/\/www.brfullnaberg.se\/index.php?rest_route=\/wp\/v2\/pages\/25","targetHints":{"allow":["GET"]}}],"collection":[{"href":"https:\/\/www.brfullnaberg.se\/index.php?rest_route=\/wp\/v2\/pages"}],"about":[{"href":"https:\/\/www.brfullnaberg.se\/index.php?rest_route=\/wp\/v2\/types\/page"}],"author":[{"embeddable":true,"href":"https:\/\/www.brfullnaberg.se\/index.php?rest_route=\/wp\/v2\/users\/1"}],"replies":[{"embeddable":true,"href":"https:\/\/www.brfullnaberg.se\/index.php?rest_route=%2Fwp%2Fv2%2Fcomments&post=25"}],"version-history":[{"count":61,"href":"https:\/\/www.brfullnaberg.se\/index.php?rest_route=\/wp\/v2\/pages\/25\/revisions"}],"predecessor-version":[{"id":284,"href":"https:\/\/www.brfullnaberg.se\/index.php?rest_route=\/wp\/v2\/pages\/25\/revisions\/284"}],"wp:attachment":[{"href":"https:\/\/www.brfullnaberg.se\/index.php?rest_route=%2Fwp%2Fv2%2Fmedia&parent=25"}],"curies":[{"name":"wp","href":"https:\/\/api.w.org\/{rel}","templated":true}]}}